{"id":409,"date":"2015-07-07T13:07:28","date_gmt":"2015-07-07T12:07:28","guid":{"rendered":"https:\/\/massage4tenerife.com\/?page_id=409"},"modified":"2019-07-17T14:56:45","modified_gmt":"2019-07-17T13:56:45","slug":"409-2","status":"publish","type":"page","link":"https:\/\/massage4tenerife.com\/?page_id=409&lang=es","title":{"rendered":"CONTACTO"},"content":{"rendered":"<p><strong><u>Reservas e informaci\u00f3n:<\/u><\/strong><\/p>\n<p><strong>Tel\u00e9fono y WhatsApp: 603384797<\/strong><\/p>\n<p><strong>Correo electr\u00f3nico: ruthannplummer18@gmail.com<\/strong><\/p>\n","protected":false},"excerpt":{"rendered":"<p>Reservas e informaci\u00f3n: Tel\u00e9fono y WhatsApp: 603384797 Correo electr\u00f3nico: ruthannplummer18@gmail.com<\/p>\n","protected":false},"author":1,"featured_media":0,"parent":0,"menu_order":0,"comment_status":"closed","ping_status":"closed","template":"","meta":{"footnotes":""},"class_list":["post-409","page","type-page","status-publish","hentry"],"_links":{"self":[{"href":"https:\/\/massage4tenerife.com\/index.php?rest_route=\/wp\/v2\/pages\/409","targetHints":{"allow":["GET"]}}],"collection":[{"href":"https:\/\/massage4tenerife.com\/index.php?rest_route=\/wp\/v2\/pages"}],"about":[{"href":"https:\/\/massage4tenerife.com\/index.php?rest_route=\/wp\/v2\/types\/page"}],"author":[{"embeddable":true,"href":"https:\/\/massage4tenerife.com\/index.php?rest_route=\/wp\/v2\/users\/1"}],"replies":[{"embeddable":true,"href":"https:\/\/massage4tenerife.com\/index.php?rest_route=%2Fwp%2Fv2%2Fcomments&post=409"}],"version-history":[{"count":8,"href":"https:\/\/massage4tenerife.com\/index.php?rest_route=\/wp\/v2\/pages\/409\/revisions"}],"predecessor-version":[{"id":580,"href":"https:\/\/massage4tenerife.com\/index.php?rest_route=\/wp\/v2\/pages\/409\/revisions\/580"}],"wp:attachment":[{"href":"https:\/\/massage4tenerife.com\/index.php?rest_route=%2Fwp%2Fv2%2Fmedia&parent=409"}],"curies":[{"name":"wp","href":"https:\/\/api.w.org\/{rel}","templated":true}]}}