{"id":423,"date":"2015-07-07T13:23:13","date_gmt":"2015-07-07T12:23:13","guid":{"rendered":"https:\/\/massage4tenerife.com\/?page_id=423"},"modified":"2015-07-07T13:29:20","modified_gmt":"2015-07-07T12:29:20","slug":"masaje-holistico","status":"publish","type":"page","link":"https:\/\/massage4tenerife.com\/?page_id=423&lang=es","title":{"rendered":"MASAJE HOL\u00cdSTICO"},"content":{"rendered":"<p><a href=\"https:\/\/massage4tenerife.com\/wp-content\/uploads\/2015\/07\/iStock-deep-hands.jpg\"><img loading=\"lazy\" decoding=\"async\" class=\"alignleft size-medium wp-image-430\" src=\"https:\/\/massage4tenerife.com\/wp-content\/uploads\/2015\/07\/iStock-deep-hands-300x199.jpg\" alt=\"iStock deep hands\" width=\"300\" height=\"199\" srcset=\"https:\/\/massage4tenerife.com\/wp-content\/uploads\/2015\/07\/iStock-deep-hands-300x199.jpg 300w, https:\/\/massage4tenerife.com\/wp-content\/uploads\/2015\/07\/iStock-deep-hands.jpg 425w\" sizes=\"auto, (max-width: 300px) 100vw, 300px\" \/><\/a>Este tipo de masaje se centra \u00fanica y exclusivamente en usted y en sus necesidades individuales. Las sesiones var\u00edan entre 1 y 2 horas. Es recomendado para momentos en los cuales est\u00e9 sufriendo estr\u00e9s y necesite una sesi\u00f3n de relajaci\u00f3n profunda. Tambi\u00e9n se recomienda cuando se sufre dolor en un \u00e1rea espec\u00edfica que necesita una atenci\u00f3n especial.\u00a0 La presi\u00f3n e intensidad que uso durante el masaje puede ser tan fuerte o tan ligera como a usted le complazca.<\/p>\n<p>A muchas personas les gusta tener una mezcla de t\u00e9cnicas, por ejemplo, presi\u00f3n m\u00e1s fuerte primero en las zonas que sufren tensi\u00f3n y luego m\u00e1s relajante para calmar las zonas en las que se ha aplicado dicha presi\u00f3n. Al inicio de la sesi\u00f3n, siempre comprobar\u00e9 cu\u00e1l es la presi\u00f3n adecuada para usted.<\/p>\n<p>Puede elegir entre un masaje de cuerpo completo (incluyendo por lo general \u00e1reas tales como: espalda, cabeza, cuello, hombros, brazos, manos, piernas y pies) o seleccionar aqu\u00e9llas zonas sobre las cuales le gustar\u00eda aplicar dicho masaje.<\/p>\n","protected":false},"excerpt":{"rendered":"<p>Este tipo de masaje se centra \u00fanica y exclusivamente en usted y en sus necesidades individuales. Las sesiones var\u00edan entre 1 y 2 horas. Es recomendado para momentos en los cuales est\u00e9 sufriendo estr\u00e9s y necesite una sesi\u00f3n de relajaci\u00f3n &hellip; <a href=\"https:\/\/massage4tenerife.com\/?page_id=423&#038;lang=es\">Continue reading <span class=\"meta-nav\">&rarr;<\/span><\/a><\/p>\n","protected":false},"author":1,"featured_media":0,"parent":421,"menu_order":1,"comment_status":"closed","ping_status":"closed","template":"","meta":{"footnotes":""},"class_list":["post-423","page","type-page","status-publish","hentry"],"_links":{"self":[{"href":"https:\/\/massage4tenerife.com\/index.php?rest_route=\/wp\/v2\/pages\/423","targetHints":{"allow":["GET"]}}],"collection":[{"href":"https:\/\/massage4tenerife.com\/index.php?rest_route=\/wp\/v2\/pages"}],"about":[{"href":"https:\/\/massage4tenerife.com\/index.php?rest_route=\/wp\/v2\/types\/page"}],"author":[{"embeddable":true,"href":"https:\/\/massage4tenerife.com\/index.php?rest_route=\/wp\/v2\/users\/1"}],"replies":[{"embeddable":true,"href":"https:\/\/massage4tenerife.com\/index.php?rest_route=%2Fwp%2Fv2%2Fcomments&post=423"}],"version-history":[{"count":3,"href":"https:\/\/massage4tenerife.com\/index.php?rest_route=\/wp\/v2\/pages\/423\/revisions"}],"predecessor-version":[{"id":434,"href":"https:\/\/massage4tenerife.com\/index.php?rest_route=\/wp\/v2\/pages\/423\/revisions\/434"}],"up":[{"embeddable":true,"href":"https:\/\/massage4tenerife.com\/index.php?rest_route=\/wp\/v2\/pages\/421"}],"wp:attachment":[{"href":"https:\/\/massage4tenerife.com\/index.php?rest_route=%2Fwp%2Fv2%2Fmedia&parent=423"}],"curies":[{"name":"wp","href":"https:\/\/api.w.org\/{rel}","templated":true}]}}