{"id":427,"date":"2015-07-07T13:27:31","date_gmt":"2015-07-07T12:27:31","guid":{"rendered":"https:\/\/massage4tenerife.com\/?page_id=427"},"modified":"2015-07-07T13:27:31","modified_gmt":"2015-07-07T12:27:31","slug":"masaje-deportivo-de-tejido-profundo","status":"publish","type":"page","link":"https:\/\/massage4tenerife.com\/?page_id=427&lang=es","title":{"rendered":"MASAJE DEPORTIVO \/ DE TEJIDO PROFUNDO"},"content":{"rendered":"<p><a href=\"https:\/\/massage4tenerife.com\/wp-content\/uploads\/2015\/07\/istock-11.jpg\"><img loading=\"lazy\" decoding=\"async\" class=\"alignleft size-medium wp-image-428\" src=\"https:\/\/massage4tenerife.com\/wp-content\/uploads\/2015\/07\/istock-11-300x200.jpg\" alt=\"istock 1\" width=\"300\" height=\"200\" srcset=\"https:\/\/massage4tenerife.com\/wp-content\/uploads\/2015\/07\/istock-11-300x200.jpg 300w, https:\/\/massage4tenerife.com\/wp-content\/uploads\/2015\/07\/istock-11-451x300.jpg 451w, https:\/\/massage4tenerife.com\/wp-content\/uploads\/2015\/07\/istock-11.jpg 640w\" sizes=\"auto, (max-width: 300px) 100vw, 300px\" \/><\/a> El Masaje Deportivo de Tejido Profundo es un tratamiento excelente para aliviar tensiones y\/o estr\u00e9s tanto en m\u00fasculos como en articulaciones. Este tratamiento combina una variedad de t\u00e9cnicas de masaje de tejido profundo con el fin de aliviar el dolor y el malestar corporal.<\/p>\n<p>Ayuda a aumentar la circulaci\u00f3n de la sangre hacia las zonas donde se haya la lesi\u00f3n o tensi\u00f3n, eliminando productos de desecho, tales como el \u00e1cido l\u00e1ctico (localizado alrededor de los m\u00fasculos) y aumentando as\u00ed la capacidad de movimiento de las articulaciones.<\/p>\n<p>No son s\u00f3lo los deportistas los que optan por este tipo de tratamiento. Muchas personas sufren lesiones por esfuerzos repetitivos en sus actividades diarias y eligen el masaje deportivo de tejido profundo para aliviar el dolor muscular, ayudando as\u00ed a restaurar la flexibilidad en espalda, cuello, hombros, brazos, mu\u00f1ecas, etc.<\/p>\n<p>Este tratamiento es muy beneficioso para: el dolor muscular, la tensi\u00f3n, las articulaciones r\u00edgidas, los m\u00fasculos cansados usados en exceso, el hombro congelado, el codo de tenista, rehabilitar zonas despu\u00e9s de lesiones, mejorar el tono muscular, reducir el tejido cicatricial y mejorar la circulaci\u00f3n sangu\u00ednea.<\/p>\n<p>&nbsp;<\/p>\n","protected":false},"excerpt":{"rendered":"<p>El Masaje Deportivo de Tejido Profundo es un tratamiento excelente para aliviar tensiones y\/o estr\u00e9s tanto en m\u00fasculos como en articulaciones. Este tratamiento combina una variedad de t\u00e9cnicas de masaje de tejido profundo con el fin de aliviar el dolor &hellip; <a href=\"https:\/\/massage4tenerife.com\/?page_id=427&#038;lang=es\">Continue reading <span class=\"meta-nav\">&rarr;<\/span><\/a><\/p>\n","protected":false},"author":1,"featured_media":0,"parent":421,"menu_order":2,"comment_status":"closed","ping_status":"closed","template":"","meta":{"footnotes":""},"class_list":["post-427","page","type-page","status-publish","hentry"],"_links":{"self":[{"href":"https:\/\/massage4tenerife.com\/index.php?rest_route=\/wp\/v2\/pages\/427","targetHints":{"allow":["GET"]}}],"collection":[{"href":"https:\/\/massage4tenerife.com\/index.php?rest_route=\/wp\/v2\/pages"}],"about":[{"href":"https:\/\/massage4tenerife.com\/index.php?rest_route=\/wp\/v2\/types\/page"}],"author":[{"embeddable":true,"href":"https:\/\/massage4tenerife.com\/index.php?rest_route=\/wp\/v2\/users\/1"}],"replies":[{"embeddable":true,"href":"https:\/\/massage4tenerife.com\/index.php?rest_route=%2Fwp%2Fv2%2Fcomments&post=427"}],"version-history":[{"count":1,"href":"https:\/\/massage4tenerife.com\/index.php?rest_route=\/wp\/v2\/pages\/427\/revisions"}],"predecessor-version":[{"id":432,"href":"https:\/\/massage4tenerife.com\/index.php?rest_route=\/wp\/v2\/pages\/427\/revisions\/432"}],"up":[{"embeddable":true,"href":"https:\/\/massage4tenerife.com\/index.php?rest_route=\/wp\/v2\/pages\/421"}],"wp:attachment":[{"href":"https:\/\/massage4tenerife.com\/index.php?rest_route=%2Fwp%2Fv2%2Fmedia&parent=427"}],"curies":[{"name":"wp","href":"https:\/\/api.w.org\/{rel}","templated":true}]}}