{"id":435,"date":"2015-07-08T20:09:42","date_gmt":"2015-07-08T19:09:42","guid":{"rendered":"https:\/\/massage4tenerife.com\/?page_id=435"},"modified":"2015-07-08T20:09:42","modified_gmt":"2015-07-08T19:09:42","slug":"masaje-con-piedras-calientes","status":"publish","type":"page","link":"https:\/\/massage4tenerife.com\/?page_id=435&lang=es","title":{"rendered":"MASAJE CON PIEDRAS CALIENTES"},"content":{"rendered":"<p><a href=\"https:\/\/massage4tenerife.com\/wp-content\/uploads\/2015\/07\/HST-sepia.jpg\"><img loading=\"lazy\" decoding=\"async\" class=\"alignleft size-medium wp-image-436\" src=\"https:\/\/massage4tenerife.com\/wp-content\/uploads\/2015\/07\/HST-sepia-300x200.jpg\" alt=\"HST sepia\" width=\"300\" height=\"200\" srcset=\"https:\/\/massage4tenerife.com\/wp-content\/uploads\/2015\/07\/HST-sepia-300x200.jpg 300w, https:\/\/massage4tenerife.com\/wp-content\/uploads\/2015\/07\/HST-sepia-450x300.jpg 450w, https:\/\/massage4tenerife.com\/wp-content\/uploads\/2015\/07\/HST-sepia.jpg 640w\" sizes=\"auto, (max-width: 300px) 100vw, 300px\" \/><\/a>El masaje con piedras calientes es un tratamiento de relajaci\u00f3n.\u00a0 Incorpora piedras volc\u00e1nicas, recogidas en las playas volc\u00e1nicas naturales de la costa sureste de Tenerife. Se calientan con agua a una agradable temperatura y se recubren con aceite de almendras para ser utilizadas como una extensi\u00f3n de las manos, logrando as\u00ed el efecto deseado. El calor de estas piedras volc\u00e1nicas tiene un efecto muy calmante y relajante sobre la mente cansada y es una manera muy eficaz de liberar el dolor y la tensi\u00f3n tanto en m\u00fasculos como en articulaciones. Las piedras fr\u00edas de m\u00e1rmol tambi\u00e9n se pueden usar durante el tratamiento para ayudar a mejorar la circulaci\u00f3n y el tono muscular (esto es opcional, aunque a la mayor\u00eda de mis clientes les gusta disfrutar de la combinaci\u00f3n de ambas piedras).<\/p>\n<p>Durante el tratamiento las piedras se colocan a ambos lados de la columna vertebral. De esta manera se libera la tensi\u00f3n en el conjunto de la parte posterior y se estimulan los nervios espinales que llegan a todas las partes del cuerpo.<\/p>\n<p>Las piedras calientes tambi\u00e9n se alinean en los puntos Chakra con la finalidad de ayudar a equilibrar el cuerpo, el esp\u00edritu y la mente.<\/p>\n<p>&nbsp;<\/p>\n","protected":false},"excerpt":{"rendered":"<p>El masaje con piedras calientes es un tratamiento de relajaci\u00f3n.\u00a0 Incorpora piedras volc\u00e1nicas, recogidas en las playas volc\u00e1nicas naturales de la costa sureste de Tenerife. Se calientan con agua a una agradable temperatura y se recubren con aceite de almendras &hellip; <a href=\"https:\/\/massage4tenerife.com\/?page_id=435&#038;lang=es\">Continue reading <span class=\"meta-nav\">&rarr;<\/span><\/a><\/p>\n","protected":false},"author":1,"featured_media":0,"parent":421,"menu_order":3,"comment_status":"closed","ping_status":"closed","template":"","meta":{"footnotes":""},"class_list":["post-435","page","type-page","status-publish","hentry"],"_links":{"self":[{"href":"https:\/\/massage4tenerife.com\/index.php?rest_route=\/wp\/v2\/pages\/435","targetHints":{"allow":["GET"]}}],"collection":[{"href":"https:\/\/massage4tenerife.com\/index.php?rest_route=\/wp\/v2\/pages"}],"about":[{"href":"https:\/\/massage4tenerife.com\/index.php?rest_route=\/wp\/v2\/types\/page"}],"author":[{"embeddable":true,"href":"https:\/\/massage4tenerife.com\/index.php?rest_route=\/wp\/v2\/users\/1"}],"replies":[{"embeddable":true,"href":"https:\/\/massage4tenerife.com\/index.php?rest_route=%2Fwp%2Fv2%2Fcomments&post=435"}],"version-history":[{"count":1,"href":"https:\/\/massage4tenerife.com\/index.php?rest_route=\/wp\/v2\/pages\/435\/revisions"}],"predecessor-version":[{"id":438,"href":"https:\/\/massage4tenerife.com\/index.php?rest_route=\/wp\/v2\/pages\/435\/revisions\/438"}],"up":[{"embeddable":true,"href":"https:\/\/massage4tenerife.com\/index.php?rest_route=\/wp\/v2\/pages\/421"}],"wp:attachment":[{"href":"https:\/\/massage4tenerife.com\/index.php?rest_route=%2Fwp%2Fv2%2Fmedia&parent=435"}],"curies":[{"name":"wp","href":"https:\/\/api.w.org\/{rel}","templated":true}]}}