{"id":439,"date":"2015-07-08T20:13:50","date_gmt":"2015-07-08T19:13:50","guid":{"rendered":"https:\/\/massage4tenerife.com\/?page_id=439"},"modified":"2015-10-07T22:51:35","modified_gmt":"2015-10-07T21:51:35","slug":"masaje-indio-para-la-cabeza","status":"publish","type":"page","link":"https:\/\/massage4tenerife.com\/?page_id=439&lang=es","title":{"rendered":"MASAJE DE CABEZA HIND\u00da"},"content":{"rendered":"<p><a href=\"https:\/\/massage4tenerife.com\/wp-content\/uploads\/2015\/07\/IHM-8.jpg\"><img loading=\"lazy\" decoding=\"async\" class=\"alignleft size-medium wp-image-444\" src=\"https:\/\/massage4tenerife.com\/wp-content\/uploads\/2015\/07\/IHM-8-225x300.jpg\" alt=\"IHM 8\" width=\"225\" height=\"300\" srcset=\"https:\/\/massage4tenerife.com\/wp-content\/uploads\/2015\/07\/IHM-8-225x300.jpg 225w, https:\/\/massage4tenerife.com\/wp-content\/uploads\/2015\/07\/IHM-8.jpg 480w\" sizes=\"auto, (max-width: 225px) 100vw, 225px\" \/><\/a>Este tipo de masaje consiste en un tratamiento antiguo que utiliza una variedad amplia de t\u00e9cnicas profundas de masaje de tejido relajantes que se extiende para liberar la tensi\u00f3n en las \u00e1reas de la cabeza, el cuello y los hombros. Es muy eficaz para cualquier persona que sufre de estr\u00e9s, ansiedad, cefaleas tensionales, migra\u00f1as, tensi\u00f3n en el cuello y los hombros y\/o insomnio.<\/p>\n<p>Usted elige c\u00f3mo recibir este masaje: sentado en una silla con la ropa puesta o tumbado en una camilla de masajes. Igualmente, usted elige el tipo de presi\u00f3n que prefiere: fuerte, calmante\/relajante o una combinaci\u00f3n de ambas.<\/p>\n<p>La mayor\u00eda de personas que lo han probado se sienten muy relajadas y con las pilas cargadas tras haberlo disfrutado. \u00a1Es una manera perfecta para relajarse despu\u00e9s de un d\u00eda duro en el trabajo!<\/p>\n","protected":false},"excerpt":{"rendered":"<p>Este tipo de masaje consiste en un tratamiento antiguo que utiliza una variedad amplia de t\u00e9cnicas profundas de masaje de tejido relajantes que se extiende para liberar la tensi\u00f3n en las \u00e1reas de la cabeza, el cuello y los hombros. &hellip; <a href=\"https:\/\/massage4tenerife.com\/?page_id=439&#038;lang=es\">Continue reading <span class=\"meta-nav\">&rarr;<\/span><\/a><\/p>\n","protected":false},"author":1,"featured_media":0,"parent":421,"menu_order":3,"comment_status":"closed","ping_status":"closed","template":"","meta":{"footnotes":""},"class_list":["post-439","page","type-page","status-publish","hentry"],"_links":{"self":[{"href":"https:\/\/massage4tenerife.com\/index.php?rest_route=\/wp\/v2\/pages\/439","targetHints":{"allow":["GET"]}}],"collection":[{"href":"https:\/\/massage4tenerife.com\/index.php?rest_route=\/wp\/v2\/pages"}],"about":[{"href":"https:\/\/massage4tenerife.com\/index.php?rest_route=\/wp\/v2\/types\/page"}],"author":[{"embeddable":true,"href":"https:\/\/massage4tenerife.com\/index.php?rest_route=\/wp\/v2\/users\/1"}],"replies":[{"embeddable":true,"href":"https:\/\/massage4tenerife.com\/index.php?rest_route=%2Fwp%2Fv2%2Fcomments&post=439"}],"version-history":[{"count":3,"href":"https:\/\/massage4tenerife.com\/index.php?rest_route=\/wp\/v2\/pages\/439\/revisions"}],"predecessor-version":[{"id":512,"href":"https:\/\/massage4tenerife.com\/index.php?rest_route=\/wp\/v2\/pages\/439\/revisions\/512"}],"up":[{"embeddable":true,"href":"https:\/\/massage4tenerife.com\/index.php?rest_route=\/wp\/v2\/pages\/421"}],"wp:attachment":[{"href":"https:\/\/massage4tenerife.com\/index.php?rest_route=%2Fwp%2Fv2%2Fmedia&parent=439"}],"curies":[{"name":"wp","href":"https:\/\/api.w.org\/{rel}","templated":true}]}}