{"id":447,"date":"2015-07-08T20:20:59","date_gmt":"2015-07-08T19:20:59","guid":{"rendered":"https:\/\/massage4tenerife.com\/?page_id=447"},"modified":"2015-07-08T20:20:59","modified_gmt":"2015-07-08T19:20:59","slug":"reflexologia","status":"publish","type":"page","link":"https:\/\/massage4tenerife.com\/?page_id=447&lang=es","title":{"rendered":"REFLEXOLOG\u00cdA"},"content":{"rendered":"<p><a href=\"https:\/\/massage4tenerife.com\/wp-content\/uploads\/2015\/07\/Reflexology-pic.jpg\"><img loading=\"lazy\" decoding=\"async\" class=\"alignleft size-full wp-image-448\" src=\"https:\/\/massage4tenerife.com\/wp-content\/uploads\/2015\/07\/Reflexology-pic.jpg\" alt=\"Reflexology pic\" width=\"230\" height=\"238\" \/><\/a>Se trata de un tratamiento profundamente relajante que estimula los puntos de presi\u00f3n en los pies que conectan con la totalidad del cuerpo.\u00a0 Es una excelente manera de eliminar el estr\u00e9s y muchos clientes incluso se han quedado dormidos durante el tratamiento.<\/p>\n<p>La reflexolog\u00eda tiene su origen en la Grecia antigua, donde se usaba como anest\u00e9sico antes de las operaciones, produciendo un efecto muy calmante en el cuerpo y la mente. El tratamiento se basa en la antigua teor\u00eda china de que la energ\u00eda fluye a trav\u00e9s de las v\u00edas de nuestro cuerpo. Mediante el uso de la reflexolog\u00eda se ayuda a mantener estos canales limpios de energ\u00edas negativas, apoyando al cuerpo a liberarse de las molestias.<\/p>\n<p>Muchos clientes eligen la reflexolog\u00eda por sus beneficios relajantes y reconstituyentes. Es de gran ayuda tambi\u00e9n en numerosos problemas de salud, especialmente en aqu\u00e9llos originados por estr\u00e9s, ansiedad, insomnio, problemas digestivos, dolores de espalda, tensi\u00f3n muscular, migra\u00f1as y problemas circulatorios. Son condiciones comunes que los clientes suelen manifestar en tratamientos de reflexolog\u00eda.<\/p>\n<p>La reflexolog\u00eda tambi\u00e9n puede ayudar en todas las etapas del embarazo; desde los meses iniciales hasta el parto. Hay muchos puntos en los pies que pueden ayudar a liberar tensiones en todo el cuerpo y estimular el proceso de parto.\u00a0 En ciertas ocasiones, algunas mujeres han tenido el parto d\u00edas despu\u00e9s de haber disfrutado de este tratamiento.<\/p>\n<p>&nbsp;<\/p>\n","protected":false},"excerpt":{"rendered":"<p>Se trata de un tratamiento profundamente relajante que estimula los puntos de presi\u00f3n en los pies que conectan con la totalidad del cuerpo.\u00a0 Es una excelente manera de eliminar el estr\u00e9s y muchos clientes incluso se han quedado dormidos durante &hellip; <a href=\"https:\/\/massage4tenerife.com\/?page_id=447&#038;lang=es\">Continue reading <span class=\"meta-nav\">&rarr;<\/span><\/a><\/p>\n","protected":false},"author":1,"featured_media":0,"parent":421,"menu_order":4,"comment_status":"closed","ping_status":"closed","template":"","meta":{"footnotes":""},"class_list":["post-447","page","type-page","status-publish","hentry"],"_links":{"self":[{"href":"https:\/\/massage4tenerife.com\/index.php?rest_route=\/wp\/v2\/pages\/447","targetHints":{"allow":["GET"]}}],"collection":[{"href":"https:\/\/massage4tenerife.com\/index.php?rest_route=\/wp\/v2\/pages"}],"about":[{"href":"https:\/\/massage4tenerife.com\/index.php?rest_route=\/wp\/v2\/types\/page"}],"author":[{"embeddable":true,"href":"https:\/\/massage4tenerife.com\/index.php?rest_route=\/wp\/v2\/users\/1"}],"replies":[{"embeddable":true,"href":"https:\/\/massage4tenerife.com\/index.php?rest_route=%2Fwp%2Fv2%2Fcomments&post=447"}],"version-history":[{"count":1,"href":"https:\/\/massage4tenerife.com\/index.php?rest_route=\/wp\/v2\/pages\/447\/revisions"}],"predecessor-version":[{"id":454,"href":"https:\/\/massage4tenerife.com\/index.php?rest_route=\/wp\/v2\/pages\/447\/revisions\/454"}],"up":[{"embeddable":true,"href":"https:\/\/massage4tenerife.com\/index.php?rest_route=\/wp\/v2\/pages\/421"}],"wp:attachment":[{"href":"https:\/\/massage4tenerife.com\/index.php?rest_route=%2Fwp%2Fv2%2Fmedia&parent=447"}],"curies":[{"name":"wp","href":"https:\/\/api.w.org\/{rel}","templated":true}]}}