{"id":456,"date":"2015-07-08T20:24:19","date_gmt":"2015-07-08T19:24:19","guid":{"rendered":"https:\/\/massage4tenerife.com\/?page_id=456"},"modified":"2015-07-08T20:24:19","modified_gmt":"2015-07-08T19:24:19","slug":"456-2","status":"publish","type":"page","link":"https:\/\/massage4tenerife.com\/?page_id=456&lang=es","title":{"rendered":"MASAJE THAI YOGA"},"content":{"rendered":"<p><a href=\"https:\/\/massage4tenerife.com\/wp-content\/uploads\/2015\/07\/Thai-sepia.jpg\"><img loading=\"lazy\" decoding=\"async\" class=\"alignleft size-medium wp-image-459\" src=\"https:\/\/massage4tenerife.com\/wp-content\/uploads\/2015\/07\/Thai-sepia-300x200.jpg\" alt=\"Thai sepia\" width=\"300\" height=\"200\" srcset=\"https:\/\/massage4tenerife.com\/wp-content\/uploads\/2015\/07\/Thai-sepia-300x200.jpg 300w, https:\/\/massage4tenerife.com\/wp-content\/uploads\/2015\/07\/Thai-sepia-450x300.jpg 450w, https:\/\/massage4tenerife.com\/wp-content\/uploads\/2015\/07\/Thai-sepia.jpg 640w\" sizes=\"auto, (max-width: 300px) 100vw, 300px\" \/><\/a>Se trata de un tratamiento profundamente relajante que se da sobre la ropa tumbado en un fut\u00f3n (colch\u00f3n t\u00edpico japon\u00e9s) en el suelo.\u00a0 Algunos clientes lo han descrito como &#8220;alguien que hace yoga para mi mientras me relajo.&#8221; El tratamiento no s\u00f3lo combina muchos estiramientos de importancia, sino que tambi\u00e9n emplea t\u00e9cnicas de masaje de tejido profundo para liberar los m\u00fasculos tensos y relajar todo el cuerpo. Ya que el tratamiento se realiza en el suelo, la presi\u00f3n puede ser o bien fuerte o bien calmante\/suave, a su elecci\u00f3n.<\/p>\n<p>El tratamiento, que incluye masajes en las zonas delantera, trasera y lateral, es una excelente manera de tratar todo el cuerpo.\u00a0Est\u00e1 indicado especialmente en personas con problemas de movilidad en los hombros, ya que el hombro se trata desde todos los \u00e1ngulos posibles para ayudar a restaurar dicha movilidad. Debido a que el tratamiento incluye diferentes tipos de estiramientos y presi\u00f3n de tejido profundo, el efecto general es de relajaci\u00f3n profunda y muchos clientes incluso se han dormido durante el mismo.<\/p>\n<p>El masaje Thai Yoga incorpora muchos puntos de acupresi\u00f3n (t\u00e9cnica de la medicina tradicional china) sobre distintos puntos del cuerpo. La mayor\u00eda de la gente se siente profundamente relajada y vigorizada despu\u00e9s de un masaje de yoga tailand\u00e9s. Es la manera perfecta para estirar el cuerpo, aliviar la tensi\u00f3n en los m\u00fasculos y articulaciones, relajando la mente al mismo tiempo.<\/p>\n<p>Se aconseja venir vestido con ropa suelta y c\u00f3moda para este tratamiento.<\/p>\n<p>&nbsp;<\/p>\n","protected":false},"excerpt":{"rendered":"<p>Se trata de un tratamiento profundamente relajante que se da sobre la ropa tumbado en un fut\u00f3n (colch\u00f3n t\u00edpico japon\u00e9s) en el suelo.\u00a0 Algunos clientes lo han descrito como &#8220;alguien que hace yoga para mi mientras me relajo.&#8221; El tratamiento &hellip; <a href=\"https:\/\/massage4tenerife.com\/?page_id=456&#038;lang=es\">Continue reading <span class=\"meta-nav\">&rarr;<\/span><\/a><\/p>\n","protected":false},"author":1,"featured_media":0,"parent":421,"menu_order":5,"comment_status":"closed","ping_status":"closed","template":"","meta":{"footnotes":""},"class_list":["post-456","page","type-page","status-publish","hentry"],"_links":{"self":[{"href":"https:\/\/massage4tenerife.com\/index.php?rest_route=\/wp\/v2\/pages\/456","targetHints":{"allow":["GET"]}}],"collection":[{"href":"https:\/\/massage4tenerife.com\/index.php?rest_route=\/wp\/v2\/pages"}],"about":[{"href":"https:\/\/massage4tenerife.com\/index.php?rest_route=\/wp\/v2\/types\/page"}],"author":[{"embeddable":true,"href":"https:\/\/massage4tenerife.com\/index.php?rest_route=\/wp\/v2\/users\/1"}],"replies":[{"embeddable":true,"href":"https:\/\/massage4tenerife.com\/index.php?rest_route=%2Fwp%2Fv2%2Fcomments&post=456"}],"version-history":[{"count":1,"href":"https:\/\/massage4tenerife.com\/index.php?rest_route=\/wp\/v2\/pages\/456\/revisions"}],"predecessor-version":[{"id":461,"href":"https:\/\/massage4tenerife.com\/index.php?rest_route=\/wp\/v2\/pages\/456\/revisions\/461"}],"up":[{"embeddable":true,"href":"https:\/\/massage4tenerife.com\/index.php?rest_route=\/wp\/v2\/pages\/421"}],"wp:attachment":[{"href":"https:\/\/massage4tenerife.com\/index.php?rest_route=%2Fwp%2Fv2%2Fmedia&parent=456"}],"curies":[{"name":"wp","href":"https:\/\/api.w.org\/{rel}","templated":true}]}}