{"id":471,"date":"2015-10-07T21:34:03","date_gmt":"2015-10-07T20:34:03","guid":{"rendered":"https:\/\/massage4tenerife.com\/?page_id=471"},"modified":"2015-10-07T21:39:24","modified_gmt":"2015-10-07T20:39:24","slug":"acerca-de-mi","status":"publish","type":"page","link":"https:\/\/massage4tenerife.com\/?page_id=471&lang=es","title":{"rendered":"ACERCA DE MI"},"content":{"rendered":"<p><a href=\"https:\/\/massage4tenerife.com\/wp-content\/uploads\/2015\/06\/New-portrait-pic-300x200.jpg\"><img loading=\"lazy\" decoding=\"async\" class=\"  alignleft wp-image-378\" src=\"https:\/\/massage4tenerife.com\/wp-content\/uploads\/2015\/06\/New-portrait-pic-300x200.jpg\" alt=\"New portrait pic\" width=\"300\" height=\"200\" srcset=\"https:\/\/massage4tenerife.com\/wp-content\/uploads\/2015\/06\/New-portrait-pic-300x200.jpg 300w, https:\/\/massage4tenerife.com\/wp-content\/uploads\/2015\/06\/New-portrait-pic-1024x683.jpg 1024w, https:\/\/massage4tenerife.com\/wp-content\/uploads\/2015\/06\/New-portrait-pic-450x300.jpg 450w\" sizes=\"auto, (max-width: 300px) 100vw, 300px\" \/><\/a>He trabajado como especialista complementaria de la salud durante m\u00e1s de 12 a\u00f1os y he trabajado como profesora de tratamientos durante m\u00e1s de 10 a\u00f1os, desarrollando cursos y talleres.\u00a0Encuentro mi trabajo muy gratificante y tengo un gran inter\u00e9s en temas relacionados con la salud y el bienestar.<\/p>\n<p>&nbsp;<\/p>\n<p><u>Mis calificaciones:<\/u><\/p>\n<p>\u25aa Diploma del MTI en \u201cMasaje Hol\u00edstico, Anatom\u00eda y Fisiolog\u00eda\u201d (Alumna distinguida).<\/p>\n<p>\u25aa Diploma en \u201cTerapias del Masaje Deportivo\u201d (nivel 3). Instituto Internacional de Terapias Deportivas.<\/p>\n<p>\u25aa Diploma VAI en \u201cReflexolog\u00eda\u201d (Cr\u00e9dito).<\/p>\n<p>\u25aa Diploma en el curso de \u201cMasaje Indio para la cabeza\u201d (nivel 3). Instituto Internacional de Salud y Terapias Hol\u00edsticas.<\/p>\n<p>\u25aa Certificado en el curso de \u201cMasaje con Piedras Calientes\u201d. VCTC.<\/p>\n<p>\u25aa Diploma ITEC en el curso de \u201cAnatom\u00eda y Fisiolog\u00eda\u201d. (Alumna distinguida).<\/p>\n<p>\u25aa Diploma en el curso de \u201cMasaje de Yoga Tailand\u00e9s\u201d. (Alumna distinguida) Escuela de Bristol (Inglaterra).<\/p>\n<p>\u25aa Diploma ITEC en el curso \u201cMasaje Terap\u00e9utico\u201d (Cr\u00e9dito).<\/p>\n<p>\u25aa Curso de preparaci\u00f3n para la ense\u00f1anza en el sector de la educaci\u00f3n permanente\u00a0(nivel 3).<\/p>\n<p>\u25aa Certificado en \u201cEnse\u00f1anza en el Aprendizaje Permanente\u201d (nivel 3).<\/p>\n<p>Tambi\u00e9n soy miembro del Instituto de Formaci\u00f3n en Masajes (MTI) y estoy plenamente asegurada con la compa\u00f1\u00eda inglesa Balens.<\/p>\n<p>&nbsp;<\/p>\n","protected":false},"excerpt":{"rendered":"<p>He trabajado como especialista complementaria de la salud durante m\u00e1s de 12 a\u00f1os y he trabajado como profesora de tratamientos durante m\u00e1s de 10 a\u00f1os, desarrollando cursos y talleres.\u00a0Encuentro mi trabajo muy gratificante y tengo un gran inter\u00e9s en temas &hellip; <a href=\"https:\/\/massage4tenerife.com\/?page_id=471&#038;lang=es\">Continue reading <span class=\"meta-nav\">&rarr;<\/span><\/a><\/p>\n","protected":false},"author":1,"featured_media":0,"parent":0,"menu_order":3,"comment_status":"closed","ping_status":"closed","template":"","meta":{"footnotes":""},"class_list":["post-471","page","type-page","status-publish","hentry"],"_links":{"self":[{"href":"https:\/\/massage4tenerife.com\/index.php?rest_route=\/wp\/v2\/pages\/471","targetHints":{"allow":["GET"]}}],"collection":[{"href":"https:\/\/massage4tenerife.com\/index.php?rest_route=\/wp\/v2\/pages"}],"about":[{"href":"https:\/\/massage4tenerife.com\/index.php?rest_route=\/wp\/v2\/types\/page"}],"author":[{"embeddable":true,"href":"https:\/\/massage4tenerife.com\/index.php?rest_route=\/wp\/v2\/users\/1"}],"replies":[{"embeddable":true,"href":"https:\/\/massage4tenerife.com\/index.php?rest_route=%2Fwp%2Fv2%2Fcomments&post=471"}],"version-history":[{"count":4,"href":"https:\/\/massage4tenerife.com\/index.php?rest_route=\/wp\/v2\/pages\/471\/revisions"}],"predecessor-version":[{"id":476,"href":"https:\/\/massage4tenerife.com\/index.php?rest_route=\/wp\/v2\/pages\/471\/revisions\/476"}],"wp:attachment":[{"href":"https:\/\/massage4tenerife.com\/index.php?rest_route=%2Fwp%2Fv2%2Fmedia&parent=471"}],"curies":[{"name":"wp","href":"https:\/\/api.w.org\/{rel}","templated":true}]}}