{"id":498,"date":"2015-10-07T22:27:08","date_gmt":"2015-10-07T21:27:08","guid":{"rendered":"https:\/\/massage4tenerife.com\/?page_id=498"},"modified":"2025-06-21T17:28:44","modified_gmt":"2025-06-21T16:28:44","slug":"preguntas-frecuentes-faqs","status":"publish","type":"page","link":"https:\/\/massage4tenerife.com\/?page_id=498&lang=es","title":{"rendered":"PREGUNTAS FRECUENTES (FAQs)"},"content":{"rendered":"<p><u>\u00bfQu\u00e9 se debe de tener en cuenta al comienzo de una sesi\u00f3n?<\/u><\/p>\n<p>Se inicia con una breve consulta para saber exactamente lo que usted necesita de su tratamiento y sobre qu\u00e9 \u00e1reas de su cuerpo quiere que incida con mayor \u00e9nfasis. As\u00ed mismo, conviene saber si padece alg\u00fan problema de salud o no. Para proteger su intimidad, se usar\u00e1n toallas para cubrir las partes de su cuerpo que no este trabajando. La habitaci\u00f3n se mantendr\u00e1 a una temperatura c\u00f3moda que se adapte a sus necesidades. Durante el masaje, verificar\u00e9 que la presi\u00f3n que utilizo es la adecuada para usted, ya sea fuerte, mediana o m\u00e1s ligera.<\/p>\n<p><u>\u00bfCu\u00e1nto tiempo dura una sesi\u00f3n?<\/u><\/p>\n<p>Las sesiones var\u00edan entre 1 y 2 horas, dependiendo del tratamiento que elija. <a href=\"https:\/\/massage4tenerife.com\/tratamientos\/masaje-deportivo-de-tejido-profundo\/?lang=es\">Los masajes deportivos, de tejido profundo<\/a> y de<a href=\"https:\/\/massage4tenerife.com\/tratamientos\/456-2\/?lang=es\"> thai yoga <\/a>pueden ser de 1 o 2 horas de duraci\u00f3n. \u00a0<a href=\"https:\/\/massage4tenerife.com\/tratamientos\/masaje-con-piedras-calientes\/?lang=es\">El masaje con piedras calientes<\/a> normalmente dura entre una hora y media y 2 horas. El taller de masaje para parejas dura 2 horas. Todos los dem\u00e1s tratamientos oscilan entre 30 minutos y 2 horas.<\/p>\n<p><u>\u00bfQu\u00e9 duraci\u00f3n de tratamiento es la m\u00e1s conveniente?<\/u><\/p>\n<p>Personalmente, le aconsejo que su primer tratamiento lo elija de una duraci\u00f3n m\u00ednima de una hora, especialmente si usted necesita un enfoque en particular sobre alguna parte de su cuerpo. As\u00ed dispondr\u00e1 de tiempo suficiente para tratar todo el cuerpo, aliviando molestias y dolores.<\/p>\n<p><u>\u00bfCu\u00e1ntas sesiones necesito y con qu\u00e9 frecuencia?<\/u><\/p>\n<p>Para el tratamiento de lesiones y dolencias graves es beneficioso para la salud disfrutar entre 4 y 6 sesiones, repartidas en intervalos regulares de tiempo (semanales, quincenales o mensuales) dependiendo de la gravedad del problema en si. Desde mi experiencia personal creo que los masajes regulares ayudan a aliviar y mantener a raya los dolores musculares y el estr\u00e9s.<\/p>\n<p><u>\u00bfPuedo avisarle si la presi\u00f3n es demasiado fuerte o ligera?<\/u><\/p>\n<p>Por supuesto, y le agradezco que me lo haga saber en el supuesto caso de que durante el tratamiento la presi\u00f3n no fuese la adecuada para usted.<\/p>\n<p><u>\u00bfQu\u00e9 aceites se utilizan en los tratamientos?<\/u><\/p>\n<p>Generalmente se usan aceite de almendras dulces de Zaragoza y aceite biol\u00f3gico de girasol para aquellos que tienen alergia a las nueces. Se trata de una combinaci\u00f3n de un aceite de base y de aceites esenciales. Tambi\u00e9n se usa el aceite de eucalipto para calentar y relajar los m\u00fasculos tensos y otros aceites como la manzanilla, ylang-ylang, lavanda y neroli, los cuales son todos muy relajantes y estimulantes.<\/p>\n<p><u>\u00bfPuedo recibir un masaje si estoy embarazada?<\/u><\/p>\n<p>S\u00ed, claro que se puede. El tratamiento en este caso estar\u00eda adaptado a su etapa de embarazo. Normalmente el masaje se recibe acostada de lado y se utilizan cojines y almohadones para reposar el cuerpo, intentando estar lo m\u00e1s c\u00f3moda posible.<\/p>\n<p>La mayor\u00eda de los tratamientos que ofrezco son muy beneficiosos para todas las etapas del embarazo. En cambio, la Terapia con Piedras Calientes no se recomienda para mujeres embarazadas debido a los cambios de temperatura de las piedras.<\/p>\n","protected":false},"excerpt":{"rendered":"<p>\u00bfQu\u00e9 se debe de tener en cuenta al comienzo de una sesi\u00f3n? Se inicia con una breve consulta para saber exactamente lo que usted necesita de su tratamiento y sobre qu\u00e9 \u00e1reas de su cuerpo quiere que incida con mayor &hellip; <a href=\"https:\/\/massage4tenerife.com\/?page_id=498&#038;lang=es\">Continue reading <span class=\"meta-nav\">&rarr;<\/span><\/a><\/p>\n","protected":false},"author":1,"featured_media":0,"parent":0,"menu_order":6,"comment_status":"closed","ping_status":"closed","template":"","meta":{"footnotes":""},"class_list":["post-498","page","type-page","status-publish","hentry"],"_links":{"self":[{"href":"https:\/\/massage4tenerife.com\/index.php?rest_route=\/wp\/v2\/pages\/498","targetHints":{"allow":["GET"]}}],"collection":[{"href":"https:\/\/massage4tenerife.com\/index.php?rest_route=\/wp\/v2\/pages"}],"about":[{"href":"https:\/\/massage4tenerife.com\/index.php?rest_route=\/wp\/v2\/types\/page"}],"author":[{"embeddable":true,"href":"https:\/\/massage4tenerife.com\/index.php?rest_route=\/wp\/v2\/users\/1"}],"replies":[{"embeddable":true,"href":"https:\/\/massage4tenerife.com\/index.php?rest_route=%2Fwp%2Fv2%2Fcomments&post=498"}],"version-history":[{"count":2,"href":"https:\/\/massage4tenerife.com\/index.php?rest_route=\/wp\/v2\/pages\/498\/revisions"}],"predecessor-version":[{"id":612,"href":"https:\/\/massage4tenerife.com\/index.php?rest_route=\/wp\/v2\/pages\/498\/revisions\/612"}],"wp:attachment":[{"href":"https:\/\/massage4tenerife.com\/index.php?rest_route=%2Fwp%2Fv2%2Fmedia&parent=498"}],"curies":[{"name":"wp","href":"https:\/\/api.w.org\/{rel}","templated":true}]}}